{"id":261,"date":"2021-02-08T22:21:41","date_gmt":"2021-02-08T21:21:41","guid":{"rendered":"https:\/\/www.artcom-venture.de\/?page_id=261"},"modified":"2021-02-08T22:21:41","modified_gmt":"2021-02-08T21:21:41","slug":"datenschutz","status":"publish","type":"page","link":"https:\/\/www.artcom-venture.de\/de\/datenschutz\/","title":{"rendered":"<span>Datenschutz<\/span>"},"content":{"rendered":"\n<p>Hinweise zum Datenschutz<\/p>\n\n\n\n<p>1. Wir sind verantwortlich f\u00fcr Ihre Daten<br>Als Besucher unserer Website erwarten Sie nicht nur von unseren Angeboten und unserem Service, sondern auch bei der Verarbeitung Ihrer personenbezogenen Daten ein hohes Ma\u00df an Qualit\u00e4t und Kompetenz.<br>Wir sind verantwortlich f\u00fcr den Umgang mit Ihren Daten, die wir nach Ihren W\u00fcnschen und nach den Vorgaben der deutschen und EU-Datenschutzgesetze verarbeiten. Personenbezogene Daten sind Daten, \u00fcber die Sie identifiziert werden oder identifizierbar sind. Ihre personenbezogenen Daten werden von uns nur verarbeitet, sofern eine Rechtsvorschrift dies erlaubt oder Sie zuvor eingewilligt haben.<br>Wir, das sind die artcom venture GmbH Zitadellenweg 26c, D-13599 Berlin., und unsere Dienstleister, die Ihre Daten in unserem Auftrag f\u00fcr die unten angegebenen Zwecke verarbeiten (im Folgenden: ACV, wir).<br>Zu unseren Dienstleistern geh\u00f6ren z.B. Druckereien, Lettershops, Callcenter, Logistikunternehmen, Rechenzentren, Analysedienstleister und Zahlungsdienstleister. Unseren Dienstleistern ist es untersagt, Ihre Daten f\u00fcr andere Zwecke oder f\u00fcr sich selbst zu verarbeiten.<br>Sie erreichen uns auch per E-Mail unter info@artcom-venture.de.<br>Es ist uns wichtig, dass Sie aus den nachfolgenden Hinweisen jederzeit erfahren k\u00f6nnen, welche personenbezogenen Daten w\u00e4hrend Ihres Besuchs auf unserer Website und bei der Inanspruchnahme unserer Leistungen erhoben werden und wie wir diese danach verarbeiten.<\/p>\n\n\n\n<p>2. Unser Datenschutzbeauftragter<br>Wenn Sie eine Frage zum Datenschutz oder zur Datensicherheit haben erreichen Sie unseren Datenschutzbeauftragten per E-Mail unter datenschutz@artcom-venture.de und unter artcom venture GmbH, Abt. Datenschutz, Zitadellenweg 26c, D-13599 Berlin.<\/p>\n\n\n\n<p>3. Wie sicher sind Ihre Daten?<br>Wir treffen technische und organisatorische Sicherheitsvorkehrungen, um Ihre personenbezogenen Daten gegen zuf\u00e4llige oder vors\u00e4tzliche Manipulationen, Verlust, Zerst\u00f6rung oder gegen den Zugriff unberechtigter Personen zu sch\u00fctzen und den Schutz Ihrer Rechte und die Einhaltung der anwendbaren datenschutzrechtlichen Bestimmungen der EU und der Bundesrepublik Deutschland zu gew\u00e4hrleisten.<br>Die ergriffenen Ma\u00dfnahmen sollen die Vertraulichkeit und Integrit\u00e4t Ihrer Daten gew\u00e4hrleisten sowie die Verf\u00fcgbarkeit und Belastbarkeit der Systeme und Dienste bei der Verarbeitung Ihrer Daten auf Dauer sicherstellen. Sie sollen au\u00dferdem die Verf\u00fcgbarkeit der Daten und den Zugang zu ihnen bei einem physischen oder technischen Zwischenfall rasch wiederherstellen.<br>Zu unseren Sicherheitsma\u00dfnahmen geh\u00f6rt auch eine Verschl\u00fcsselung Ihrer Daten. Alle Informationen, die Sie online eingeben, werden technisch verschl\u00fcsselt und erst dann \u00fcbermittelt. Dadurch k\u00f6nnen diese Informationen zu keinem Zeitpunkt von unbefugten Dritten eingesehen werden.<br>Unsere Datenverarbeitung und unsere Sicherheitsma\u00dfnahmen werden entsprechend der technologischen Entwicklung fortlaufend verbessert.<br>Unsere Mitarbeiter sind schriftlich zur Vertraulichkeit und zur Einhaltung der datenschutzrechtlichen Anforderungen der DSGVO verpflichtet.<\/p>\n\n\n\n<p>4. Was sind Pflichtangaben oder Pflichtfelder?<br>Wenn bei der Erhebung bestimmte Datenfelder als Pflichtfelder bezeichnet und\/oder mit einem Sternchen ( * ) gekennzeichnet sind, ist die Bereitstellung dieser Daten entweder gesetzlich oder vertraglich vorgeschrieben, oder wir ben\u00f6tigen diese Daten f\u00fcr den Vertragsabschluss, die gew\u00fcnschte Dienstleistung oder den angegebenen Zweck. Die Angabe der Daten liegt selbstverst\u00e4ndlich auch bei den Pflichtfeldern in Ihrem Ermessen. Eine Nichtangabe kann zur Folge haben, dass der Vertrag von uns nicht erf\u00fcllt bzw. die gew\u00fcnschte Dienstleistung nicht erbracht oder der angegebene Zweck nicht erreicht werden kann.<\/p>\n\n\n\n<p>5. Wof\u00fcr werden Ihre Daten verarbeitet?<\/p>\n\n\n\n<p>a. Kontakt \/ Anfragen<br>Wenn Sie Fragen oder W\u00fcnsche haben, stehen wir Ihnen gerne zur Verf\u00fcgung. Wir verarbeiten Ihre Angaben zur Beantwortung Ihrer Anfragen (Art.6 Abs.1 b, f DSGVO). Die Mitteilung von als Pflichtangaben gekennzeichneten Adress- und Telekommunikationsdaten ist dabei erforderlich, um Ihr Anliegen bearbeiten und beantworten zu k\u00f6nnen. Die freiwillige Angabe weiterer Daten erleichtert uns die Bearbeitung Ihrer Anfrage.<br>Die Angaben aus Ihrer Anfrage speichern wir nach Beantwortung der Anfrage im Regelfall f\u00fcr sechs Monate f\u00fcr den Fall weiterer Nachfragen, falls es sich nicht um Handels- oder Gesch\u00e4ftsbriefe handelt, diese speichern wir f\u00fcr sechs Jahre (\u00a7 257 Abs.4 HGB, Art. 6 Abs.1 c DSGVO). Zu vertragsbezogenen Anfragen beachten Sie bitte Buchstabe c.<\/p>\n\n\n\n<p>b. Registrierung<br>Wir verarbeiten Ihre erforderlichen Registrierungsangaben (Pflichtangaben, z.B. Name, E-Mail-Adresse und Passwort) sowie die im Rahmen Ihrer Nutzung freiwillig mitgeteilten weiteren Daten f\u00fcr die Einrichtung und Ihre Nutzung der Funktionen unseres Portals (Art.6 Abs.1 b DSGVO).<br>Ihre Registrierungsangaben speichern wir, bis Sie Ihren Zugang durch eine entsprechende Information an uns (Kontaktdaten s. Ziffer 2) wieder aufheben, soweit keine anderen Aufbewahrungsfristen entgegenstehen. Diese k\u00f6nnen sich z.B. aus Ihren Bestellungen ergeben (siehe Buchstabe c.).<\/p>\n\n\n\n<p>c. Bestellungen<br>Bei einer Bestellung oder sonstigen vertragsbezogenen Anfragen verarbeiten wir Ihre personenbezogenen Daten zun\u00e4chst f\u00fcr die Bearbeitung bzw. Abwicklung der Bestellung oder der sonstigen vertragsbezogenen Anfrage und ggfs. zur entsprechenden Rechnungstellung (Art.6 Abs.1 b DSGVO).<br>Soweit Daten als Pflichtangaben gekennzeichnet sind, sind sie f\u00fcr die Bearbeitung bzw. Abwicklung des entsprechenden Vertrages bzw. zur Rechnungsstellung erforderlich.<br>Ihre f\u00fcr die Bestellung relevanten Daten und die dazu geh\u00f6rigen Dokumente (z.B. Handelsbriefe, Rechnungen) speichern wir gem\u00e4\u00df der gesetzlichen Anforderungen nach Abschluss des Vertrages nach den gesetzlichen Vorschriften f\u00fcr sechs Jahre (\u00a7 257 Abs.4 HGB, Art.6 Abs.1 c DSGVO) bzw. zehn Jahre (\u00a7 147 Abs.3 AO, Art.6 Abs.1 c DSGVO).<\/p>\n\n\n\n<p>d. Werbung<br>\u2022 Postwerbung und Kundenanalysen<br>Die Daten aus Bestellungen und Anfragen verarbeiten wir au\u00dferdem im gesetzlich zul\u00e4ssigen Umfang f\u00fcr die \u00dcbersendung von Katalogen und Werbung per Post aus unserem Haus und von befreundeten Unternehmen des Handels, der Verlags-, Telekommunikations- und Finanzbranche sowie f\u00fcr interne Marketing- und Kundenanalysen im gesetzlich zul\u00e4ssigen Umfang, um Ihnen passende Informationen anbieten zu k\u00f6nnen (Art.6 Abs.1 f DSGVO). Unsere Analysen erfolgen regelm\u00e4\u00dfig pseudonymisiert.<\/p>\n\n\n\n<p>\u2022 E-Mail-Werbung mit Einwilligung<br>Mit Ihrer jeweils jederzeit widerruflichen, ausdr\u00fccklichen Einwilligung informieren wir Sie per E-Mail \u00fcber unsere Angebote (\u00a7 7 Abs.2 Nr.3 UWG, Art.6 Abs.1 a DSGVO). Zum Widerruf von Einwilligungen und dessen Folgen siehe unten Ziffer 6.<br>Ihre Pflichtangaben bei Erteilung Ihrer Einwilligung verarbeiten wir, um Ihnen den gew\u00e4hlten Newsletter zusenden und Sie pers\u00f6nlich ansprechen zu k\u00f6nnen.<br>Bei der Einholung Ihrer Einwilligungen verwenden wir online das sog. Double-Opt-in-Verfahren, um zu vermeiden, dass unsere E-Mail-Nachrichten an E-Mail-Adressen von Personen versandt werden, die diese nicht angefordert haben. Hierbei wird nach den Vorgaben der Datenschutzaufsichtsbeh\u00f6rden auch Ihre IP-Adresse erfasst und zu Dokumentationszwecken gespeichert (Art.7 Abs.1, Art. 6 Abs.1 c DSGVO).<\/p>\n\n\n\n<p>\u2022 E-Mail-Werbung im Rahmen der Gesch\u00e4ftsbeziehung<br>Wenn Sie uns bei Ihrer Bestellung Ihre E-Mail-Adresse mitgeteilt haben, informieren wir Sie ebenfalls per E-Mail \u00fcber unsere Produkte bzw. Dienstleistungen im gesetzlich zul\u00e4ssigen Umfang (\u00a7 7 Abs.3 UWG, Art.6 Abs.1 f DSGVO). Selbstverst\u00e4ndlich k\u00f6nnen Sie jederzeit zu Basistarifen widersprechen (s.u. Ziffer 6).<\/p>\n\n\n\n<p>\u2022 Speicherdauer bei Werbezwecken<br>Ihre f\u00fcr Werbezwecke erhobenen Daten speichern wir solange der Werbezweck besteht bzw. bis uns ein Widerruf Ihrer Einwilligung oder Ihr Widerspruch gegen die Verarbeitung Ihrer Daten f\u00fcr Werbezwecke erreicht (s. Ziffer 6.).<\/p>\n\n\n\n<p>\u2022 Zweck\u00e4nderung<br>Sollten wir die Zwecke der Verarbeitung im Laufe der Zeit \u00e4ndern, werden wir Sie durch eine Aktualisierung dieser Hinweise zum Datenschutz vorab informieren.<\/p>\n\n\n\n<p>e. Verl\u00e4ngerte Speicherfristen<br>Die angegebenen Speicherfristen k\u00f6nnen sich entsprechend verl\u00e4ngern, wenn im Einzelfall, insbesondere wenn die Daten f\u00fcr verschiedene Zwecke verarbeitet werden, eine l\u00e4ngere gesetzliche oder vertragliche Aufbewahrungsfrist besteht.<\/p>\n\n\n\n<p>6. Jederzeitiges Widerspruchs- und Widerrufsrecht<br>Sie haben das Recht, jederzeit aus Gr\u00fcnden, die sich aus Ihrer besonderen Situation ergeben, bei Vorliegen der gesetzlichen Voraussetzungen gegen die Verarbeitung Ihrer Daten Widerspruch einzulegen.<br>Auch wenn Sie der Verarbeitung Ihrer Daten f\u00fcr Werbezwecke widersprechen oder eine erteilte Einwilligung widerrufen m\u00f6chten, gen\u00fcgt jederzeit eine kurze Nachricht an unseren Datenschutzbeauftragen per E-Mail an datenschutz@artcom-venture.de oder artcom venture GmbH Zitadellenweg 26c, D-13599 Berlin; bei E-Mails gen\u00fcgt das Dr\u00fccken des Abmelde-Buttons in der E-Mail. Ihre Daten werden dann nicht mehr f\u00fcr die vom Werbewiderspruch oder dem Widerruf der Einwilligung erfassten Zwecke verarbeitet.<br>Die Rechtm\u00e4\u00dfigkeit der bis zum Widerspruch bzw. Widerruf erfolgten Verarbeitung bleibt dadurch unber\u00fchrt.<br>Nach Ihrem Widerspruch gegen die Verarbeitung Ihrer personenbezogenen Daten f\u00fcr Werbezwecke bzw. dem Widerruf Ihrer Einwilligung, sind wir datenschutzrechtlich entsprechend der Vorgaben der deutschen Datenschutzaufsichtsbeh\u00f6rden verpflichtet, die hierf\u00fcr erforderlichen Daten (Name, Anschrift, E-Mail-Adresse) in unsere interne Werbesperrliste aufzunehmen und dauerhaft \u2013 nur f\u00fcr diesen Zweck \u2013 zu speichern (zu sperren) und zum Abgleich mit unseren k\u00fcnftigen Werbedateien zu verwenden (Art.21 Abs.3, Art.17 Abs.3 b, Art.6 Abs.1 c, f DSGVO). So l\u00e4sst sich die Beachtung Ihres Werbewiderspruch bzw. des Widerrufs Ihrer Einwilligung dauerhaft sicherstellen.<\/p>\n\n\n\n<p>7. Was sind Cookies und wof\u00fcr werden sie verwendet?<br>a. Cookies<br>Bei Cookies handelt es sich um kleine Textdateien, die mittels Ihres Webbrowsers oder anderen Programmen auf Ihr Endger\u00e4t (z.B. PC, Smartphone) \u00fcbermittelt werden. Diese werden lokal auf Ihrem Endger\u00e4t abgelegt und f\u00fcr einen sp\u00e4teren Abruf bereitgehalten.<\/p>\n\n\n\n<p>b. Einsatz von Cookies<br>Auf dieser Website werden Cookies eingesetzt (\u00a7 12 Abs.1 TMG),<br>\u2022 um die f\u00fcr die angefragten Leistungen erforderlichen technischen Funktionen zu erm\u00f6glichen und sicherzustellen, z.B. die Warenkorbfunkton (Art. 6 Abs.1 b und f DSGVO),<br>\u2022 um die Ablehnung von Cookies zu beachten (\u201eOpt-out\u201c-Cookies) (Art. 6 Abs.1 c DSGVO).<\/p>\n\n\n\n<p>c. Ablehnung\/L\u00f6schung von Cookies<br>Sie k\u00f6nnen Ihren Webbrowser so einstellen, dass er Sie beim Setzen von Cookies benachrichtigt oder das Setzen von Cookies generell ablehnt oder einschr\u00e4nkt. Wenn Sie Cookies mithilfe Ihres Browsers deaktivieren oder einschr\u00e4nken, dann werden aber verschiedene Funktionen auf unserer Website f\u00fcr Sie nicht mehr nutzbar sein. Sie k\u00f6nnen mithilfe Ihres Webbrowsers gespeicherte Cookies jederzeit l\u00f6schen, auch automatisiert.<br>\u00dcber die folgenden Links k\u00f6nnen Sie sich \u00fcber diese M\u00f6glichkeit f\u00fcr die am meisten verwendeten Browser informieren:<br>\u2022 Explorer: https:\/\/support.microsoft.com\/de-de\/help\/17442\/windows-internet-explorer-delete-manage-cookies<br>\u2022 Firefox: http:\/\/support.mozilla.org\/de\/kb\/cookies-informationen-websites-auf-ihrem-computer<br>\u2022 Google Chrome: http:\/\/support.google.com\/chrome\/bin\/answer.py?hl=de&amp;answer=95647<br>\u2022 Safari: https:\/\/support.apple.com\/kb\/PH21411?locale=de_DE<br>\u2022 Opera: http:\/\/help.opera.com\/Linux\/12.10\/de\/cookies.html.<br>Wenn Sie keine abweichenden Einstellungen vorgenommen haben oder vornehmen, verbleiben Cookies, die die erforderlichen technischen Funktionen erm\u00f6glichen und sicherstellen sollen, bis zum Schlie\u00dfen des Browsers auf Ihrem Endger\u00e4t.<\/p>\n\n\n\n<p>Gibt es auch Cookies von Drittanbietern (sog. Third-Party-Cookies)?<br>Wir bedienen uns einiger Werbepartner, die dabei helfen, das Internetangebot und die Webseiten f\u00fcr Sie interessanter zu gestalten. Daher werden bei einem Besuch der Webseiten auch Cookies von Partnerunternehmen auf Ihrer Festplatte gespeichert. Hierbei handelt es sich um tempor\u00e4re\/permanente Cookies, die sich automatisch nach der vorgegebenen Zeit l\u00f6schen. Diese tempor\u00e4ren oder auch permanenten Cookies (Lebensdauer 14 Tage bis 10 Jahre) werden auf Ihrer Festplatte gespeichert und l\u00f6schen sich nach der vorgegebenen Zeit von allein. Auch die Cookies unserer Partnerunternehmen enthalten lediglich pseudonyme meist sogar anonyme Daten. Hierbei handelt es sich beispielsweise um Daten dar\u00fcber, welche Produkte Sie sich angesehen haben, ob etwas gekauft wurde, welche Produkte gesucht wurden, etc. Hierbei erfassen einige unserer Werbepartner auch \u00fcber die Webseiten hinaus Informationen dar\u00fcber, welche Seiten Sie zuvor besucht haben oder f\u00fcr welche Produkte Sie sich beispielsweise interessiert haben, um Ihnen so die Werbung anzeigen zu k\u00f6nnen, die Ihren Interessen bestm\u00f6glich entspricht. Diese pseudonymen Daten werden zu keinem Zeitpunkt mit Ihren personenbezogenen Daten zusammengef\u00fchrt. Sie haben ausschlie\u00dflich den Zweck, unseren Werbepartnern zu erm\u00f6glichen, Sie mit Werbung anzusprechen, die Sie auch tats\u00e4chlich interessieren k\u00f6nnte.<\/p>\n\n\n\n<p>Verwendung von Webanalyse<br>Wir verwenden \u2013 wie nahezu jeder Webseitenbetreiber \u2013 Analysetools in Form von Tracking Software, um die Nutzungsh\u00e4ufigkeit und die Anzahl der Nutzer unserer Website zu ermitteln. So verwenden wir Google Analytics\u00ae, einen Webanalysedienst der Google Inc.. Diese Tracking Software verwenden sog. Cookies, die auf dem Computer eines Nutzers gespeichert werden und eine Analyse der Benutzung der Website technisch zu erm\u00f6glichen (siehe Abschnitt Cookies). Die durch den Cookie erzeugten Informationen \u00fcber die Benutzung dieser Website werden benutzt, um Reports \u00fcber die Aktivit\u00e4ten auf der Website zusammenzustellen sowie weitere mit der Webseitenutzung verbundene Dienstleistungen zu erbringen. Ihre IP-Adresse wird hierbei unkenntlich gemacht und dadurch anonymisiert. Mit dieser Software k\u00f6nnen weder wir noch die Betreiber der jeweiligen Analysetools pers\u00f6nliche Informationen erfassen, die R\u00fcckschl\u00fcsse auf die Identit\u00e4t der Benutzer zulassen. Auf den angegebenen Webseiten der genannten Unternehmen finden Sie weitere Einzelheiten zum Webtracking und Datenschutz dieser Anbieter und ihrer Technologie:<\/p>\n\n\n\n<p>Google Analytics<br>Diese Website benutzt Google Analytics, einen Webanalysedienst der Google Inc. (\u201cGoogle\u201d). Google Analytics verwendet sog. \u201cCookies\u201d, Textdateien, die auf Ihrem Computer gespeichert werden und die eine Analyse der Benutzung der Website durch Sie erm\u00f6glichen. Die durch den Cookie erzeugten Informationen \u00fcber Ihre Benutzung dieser Website werden in der Regel an einen Server von Google in den USA \u00fcbertragen und dort gespeichert. Im Falle der Aktivierung der IP-Anonymisierung auf dieser Webseite wird Ihre IP-Adresse von Google jedoch innerhalb von Mitgliedstaaten der Europ\u00e4ischen Union oder in anderen Vertragsstaaten des Abkommens \u00fcber den Europ\u00e4ischen Wirtschaftsraum zuvor gek\u00fcrzt. Nur in Ausnahmef\u00e4llen wird die volle IP-Adresse an einen Server von Google in den USA \u00fcbertragen und dort gek\u00fcrzt. Im Auftrag des Betreibers dieser Website wird Google diese Informationen benutzen, um Ihre Nutzung der Website auszuwerten, um Reports \u00fcber die Websiteaktivit\u00e4ten zusammenzustellen und um weitere mit der Websitenutzung und der Internetnutzung verbundene Dienstleistungen gegen\u00fcber dem Websitebetreiber zu erbringen. Die im Rahmen von Google Analytics von Ihrem Browser \u00fcbermittelte IP-Adresse wird nicht mit anderen Daten von Google zusammengef\u00fchrt.<\/p>\n\n\n\n<p>Sie k\u00f6nnen die Speicherung der Cookies durch eine entsprechende Einstellung Ihrer Browser-Software verhindern; wir weisen Sie jedoch darauf hin, dass Sie in diesem Fall gegebenenfalls nicht s\u00e4mtliche Funktionen dieser Website vollumf\u00e4nglich werden nutzen k\u00f6nnen. Sie k\u00f6nnen dar\u00fcber hinaus die Erfassung der durch das Cookie erzeugten und auf Ihre Nutzung der Website bezogenen Daten (inkl. Ihrer IP-Adresse) an Google sowie die Verarbeitung dieser Daten durch Google verhindern, indem sie das unter dem folgenden Link verf\u00fcgbare Browser-Plugin herunterladen und installieren: http:\/\/tools.google.com\/dlpage\/gaoptout?hl=de.<\/p>\n\n\n\n<p>Wir nutzen die Remarketing Technologie der Google Inc. (1600 Amphitheatre Parkway, Mountain View, CA 94043, USA; \u201eGoogle\u201c). Durch diese Technologie werden Nutzer, die die unsere Internetseiten und Onlinedienste bereits besucht und sich f\u00fcr das Angebot interessiert haben, durch zielgerichtete Werbung auf den Seiten des Google Partner Netzwerks erneut angesprochen. Die Einblendung der Werbung erfolgt durch den Einsatz von Cookies, das sind kleine Textdateien, die auf dem Computer des Nutzers gespeichert werden. Mit Hilfe der Textdateien kann das Nutzerverhalten beim Besuch der Website analysiert und anschlie\u00dfend f\u00fcr gezielte Produktempfehlungen und interessenbasierte Werbung genutzt werden.<\/p>\n\n\n\n<p>Wenn Sie keine interessenbasierte Werbung erhalten m\u00f6chten, k\u00f6nnen Sie die Verwendung von Cookies durch Google f\u00fcr diese Zwecke deaktivieren, indem sie die die Seite aufrufen. Alternativ k\u00f6nnen Nutzer die Verwendung von Cookies von Drittanbietern deaktivieren, indem sie die Deaktivierungsseite der Netzwerkwerbeinitiative aufrufen.<\/p>\n\n\n\n<p>Durch die Nutzung unserer Angebote erkl\u00e4ren Sie sich mit der Bearbeitung der \u00fcber Sie erhobenen Daten durch Google in der hier beschriebenen Art und Weise und zu dem zuvor benannten Zweck einverstanden. Wir weisen darauf hin, dass Google eigene Datenschutz-Richtlinien hat, die von unseren unabh\u00e4ngig sind. Wir \u00fcbernehmen keine Verantwortung oder Haftung f\u00fcr diese Richtlinien und Verfahren. Bitte informieren Sie sich vor der Nutzung unserer Webseite \u00fcber die Datenschutzbestimmungen von Google.<\/p>\n\n\n\n<p>8. Wie k\u00f6nnen Sie Ihre Datenschutzrechte wahrnehmen?<br>Wenn Sie Fragen zu der Verarbeitung Ihrer personenbezogenen Daten durch uns haben, erteilen wir Ihnen selbstverst\u00e4ndlich gerne Auskunft \u00fcber die Sie betreffenden Daten (Art.15 DSGVO).<br>Au\u00dferdem haben Sie bei Vorliegen der gesetzlichen Voraussetzungen ein Recht auf Berichtigung (Art.16 DSGVO), L\u00f6schung (Art.17 DSGVO), Einschr\u00e4nkung der Verarbeitung (Art. 18 DSGVO), Widerspruch (Art.21 DSGVO) und ab 25.05.2018 das Recht auf Daten\u00fcbertragbarkeit (Art.20 DSGVO).<br>Bitte wenden Sie sich in all diesen F\u00e4llen an unseren Datenschutzbeauftragten (siehe oben 2.) unter den dort genannten Kommunikationsadressen.<br>Schlie\u00dflich haben Sie das Recht auf Beschwerde bei einer zust\u00e4ndigen Datenschutz- Aufsichtsbeh\u00f6rde (Art.77 DSGVO, \u00a7 19 BDSG).<\/p>\n\n\n\n<p>9. \u00c4nderungen<br>Von Zeit zu Zeit ist es erforderlich, den Inhalt der vorliegenden Hinweise zum Datenschutz f\u00fcr zuk\u00fcnftig erhobene Daten anzupassen. Wir behalten uns daher vor, diese Hinweise jederzeit zu \u00e4ndern. Wir werden die ge\u00e4nderte Version der Datenschutzhinweise ebenfalls an dieser Stelle ver\u00f6ffentlichen. Wenn Sie uns wieder besuchen, sollten Sie sich daher die Datenschutzhinweise erneut durchlesen.<\/p>\n\n\n\n<p>Stand: Mai 2018<\/p>\n","protected":false},"excerpt":{"rendered":"<p>Hinweise zum Datenschutz 1. Wir sind verantwortlich f\u00fcr Ihre DatenAls Besucher unserer Website erwarten Sie nicht nur von unseren Angeboten und unserem Service, sondern auch bei der Verarbeitung Ihrer personenbezogenen Daten ein hohes Ma\u00df an Qualit\u00e4t und Kompetenz.Wir sind verantwortlich f\u00fcr den Umgang mit Ihren Daten, die wir nach Ihren W\u00fcnschen und nach den Vorgaben [&hellip;]<\/p>\n","protected":false},"author":1,"featured_media":0,"parent":0,"menu_order":0,"comment_status":"closed","ping_status":"closed","template":"","meta":{"_locale":"de_DE","_original_post":"https:\/\/www.artcom-venture.de\/?page_id=260","_onepager":[],"_onepager_single":false,"footnotes":"","_post-color":[]},"class_list":["post-261","page","type-page","status-publish","hentry","de-DE","teaser-view"],"yoast_head":"<!-- This site is optimized with the Yoast SEO plugin v27.1.1 - https:\/\/yoast.com\/product\/yoast-seo-wordpress\/ -->\n<title>Datenschutz - artcom venture GmbH<\/title>\n<meta name=\"robots\" content=\"index, follow, max-snippet:-1, max-image-preview:large, max-video-preview:-1\" \/>\n<link rel=\"canonical\" href=\"https:\/\/www.artcom-venture.de\/de\/datenschutz\/\" \/>\n<meta name=\"twitter:label1\" content=\"Gesch\u00e4tzte Lesezeit\" \/>\n\t<meta name=\"twitter:data1\" content=\"13\u00a0Minuten\" \/>\n<script type=\"application\/ld+json\" class=\"yoast-schema-graph\">{\"@context\":\"https:\/\/schema.org\",\"@graph\":[{\"@type\":\"WebPage\",\"@id\":\"https:\/\/www.artcom-venture.de\/de\/datenschutz\/\",\"url\":\"https:\/\/www.artcom-venture.de\/de\/datenschutz\/\",\"name\":\"Datenschutz - artcom venture GmbH\",\"isPartOf\":{\"@id\":\"https:\/\/www.artcom-venture.de\/#website\"},\"datePublished\":\"2021-02-08T21:21:41+00:00\",\"breadcrumb\":{\"@id\":\"https:\/\/www.artcom-venture.de\/de\/datenschutz\/#breadcrumb\"},\"inLanguage\":\"de\",\"potentialAction\":[{\"@type\":\"ReadAction\",\"target\":[\"https:\/\/www.artcom-venture.de\/de\/datenschutz\/\"]}]},{\"@type\":\"BreadcrumbList\",\"@id\":\"https:\/\/www.artcom-venture.de\/de\/datenschutz\/#breadcrumb\",\"itemListElement\":[{\"@type\":\"ListItem\",\"position\":1,\"name\":\"Home\",\"item\":\"https:\/\/www.artcom-venture.de\/de\/\"},{\"@type\":\"ListItem\",\"position\":2,\"name\":\"Datenschutz\"}]},{\"@type\":\"WebSite\",\"@id\":\"https:\/\/www.artcom-venture.de\/#website\",\"url\":\"https:\/\/www.artcom-venture.de\/\",\"name\":\"artcom venture GmbH\",\"description\":\"\",\"publisher\":{\"@id\":\"https:\/\/www.artcom-venture.de\/#organization\"},\"potentialAction\":[{\"@type\":\"SearchAction\",\"target\":{\"@type\":\"EntryPoint\",\"urlTemplate\":\"https:\/\/www.artcom-venture.de\/?s={search_term_string}\"},\"query-input\":{\"@type\":\"PropertyValueSpecification\",\"valueRequired\":true,\"valueName\":\"search_term_string\"}}],\"inLanguage\":\"de\"},{\"@type\":\"Organization\",\"@id\":\"https:\/\/www.artcom-venture.de\/#organization\",\"name\":\"artcom venture\",\"url\":\"https:\/\/www.artcom-venture.de\/\",\"logo\":{\"@type\":\"ImageObject\",\"inLanguage\":\"de\",\"@id\":\"https:\/\/www.artcom-venture.de\/#\/schema\/logo\/image\/\",\"url\":\"https:\/\/www.artcom-venture.de\/wp-content\/uploads\/2021\/01\/cropped-favicon-acv.png\",\"contentUrl\":\"https:\/\/www.artcom-venture.de\/wp-content\/uploads\/2021\/01\/cropped-favicon-acv.png\",\"width\":512,\"height\":512,\"caption\":\"artcom venture\"},\"image\":{\"@id\":\"https:\/\/www.artcom-venture.de\/#\/schema\/logo\/image\/\"}}]}<\/script>\n<!-- \/ Yoast SEO plugin. -->","yoast_head_json":{"title":"Datenschutz - artcom venture GmbH","robots":{"index":"index","follow":"follow","max-snippet":"max-snippet:-1","max-image-preview":"max-image-preview:large","max-video-preview":"max-video-preview:-1"},"canonical":"https:\/\/www.artcom-venture.de\/de\/datenschutz\/","twitter_misc":{"Gesch\u00e4tzte Lesezeit":"13\u00a0Minuten"},"schema":{"@context":"https:\/\/schema.org","@graph":[{"@type":"WebPage","@id":"https:\/\/www.artcom-venture.de\/de\/datenschutz\/","url":"https:\/\/www.artcom-venture.de\/de\/datenschutz\/","name":"Datenschutz - artcom venture GmbH","isPartOf":{"@id":"https:\/\/www.artcom-venture.de\/#website"},"datePublished":"2021-02-08T21:21:41+00:00","breadcrumb":{"@id":"https:\/\/www.artcom-venture.de\/de\/datenschutz\/#breadcrumb"},"inLanguage":"de","potentialAction":[{"@type":"ReadAction","target":["https:\/\/www.artcom-venture.de\/de\/datenschutz\/"]}]},{"@type":"BreadcrumbList","@id":"https:\/\/www.artcom-venture.de\/de\/datenschutz\/#breadcrumb","itemListElement":[{"@type":"ListItem","position":1,"name":"Home","item":"https:\/\/www.artcom-venture.de\/de\/"},{"@type":"ListItem","position":2,"name":"Datenschutz"}]},{"@type":"WebSite","@id":"https:\/\/www.artcom-venture.de\/#website","url":"https:\/\/www.artcom-venture.de\/","name":"artcom venture GmbH","description":"","publisher":{"@id":"https:\/\/www.artcom-venture.de\/#organization"},"potentialAction":[{"@type":"SearchAction","target":{"@type":"EntryPoint","urlTemplate":"https:\/\/www.artcom-venture.de\/?s={search_term_string}"},"query-input":{"@type":"PropertyValueSpecification","valueRequired":true,"valueName":"search_term_string"}}],"inLanguage":"de"},{"@type":"Organization","@id":"https:\/\/www.artcom-venture.de\/#organization","name":"artcom venture","url":"https:\/\/www.artcom-venture.de\/","logo":{"@type":"ImageObject","inLanguage":"de","@id":"https:\/\/www.artcom-venture.de\/#\/schema\/logo\/image\/","url":"https:\/\/www.artcom-venture.de\/wp-content\/uploads\/2021\/01\/cropped-favicon-acv.png","contentUrl":"https:\/\/www.artcom-venture.de\/wp-content\/uploads\/2021\/01\/cropped-favicon-acv.png","width":512,"height":512,"caption":"artcom venture"},"image":{"@id":"https:\/\/www.artcom-venture.de\/#\/schema\/logo\/image\/"}}]}},"_links":{"self":[{"href":"https:\/\/www.artcom-venture.de\/wp-json\/wp\/v2\/pages\/261","targetHints":{"allow":["GET"]}}],"collection":[{"href":"https:\/\/www.artcom-venture.de\/wp-json\/wp\/v2\/pages"}],"about":[{"href":"https:\/\/www.artcom-venture.de\/wp-json\/wp\/v2\/types\/page"}],"author":[{"embeddable":true,"href":"https:\/\/www.artcom-venture.de\/wp-json\/wp\/v2\/users\/1"}],"replies":[{"embeddable":true,"href":"https:\/\/www.artcom-venture.de\/wp-json\/wp\/v2\/comments?post=261"}],"version-history":[{"count":2,"href":"https:\/\/www.artcom-venture.de\/wp-json\/wp\/v2\/pages\/261\/revisions"}],"predecessor-version":[{"id":620,"href":"https:\/\/www.artcom-venture.de\/wp-json\/wp\/v2\/pages\/261\/revisions\/620"}],"wp:attachment":[{"href":"https:\/\/www.artcom-venture.de\/wp-json\/wp\/v2\/media?parent=261"}],"curies":[{"name":"wp","href":"https:\/\/api.w.org\/{rel}","templated":true}]}}