{"id":615,"date":"2021-03-04T09:50:41","date_gmt":"2021-03-04T08:50:41","guid":{"rendered":"https:\/\/www.artcom-venture.de\/?page_id=615"},"modified":"2021-03-17T13:55:05","modified_gmt":"2021-03-17T12:55:05","slug":"coffee","status":"publish","type":"page","link":"https:\/\/www.artcom-venture.de\/de\/coffee\/","title":{"rendered":"<span>Kaffee?<\/span>"},"content":{"rendered":"\n<div class=\"wp-block-columns is-layout-flex wp-container-core-columns-is-layout-9d6595d7 wp-block-columns-is-layout-flex\">\n<div class=\"wp-block-column is-layout-flow wp-block-column-is-layout-flow\">\n<h1 class=\"wp-block-heading\" id=\"block-f19e9b0f-7a79-43c0-8e82-692c5c2f593c\"><span>Kaffee?<\/span><\/h1>\n\n\n\n<p><\/p>\n\n\n\n<p>Wir k\u00f6nnen gemeinsam <em>Gro\u00dfartiges<\/em> leisten. <\/p>\n\n\n\n<p>Suchen Sie aktiv nach L\u00f6sungen f\u00fcr bestehende Probleme oder  wollen Sie einfach neue Perspektiven er\u00f6ffnen? F\u00fcllen Sie unser Kontaktformular aus und wir melden uns bei Ihnen.<\/p>\n<\/div>\n\n\n\n<div class=\"wp-block-column is-layout-flow wp-block-column-is-layout-flow\">\n<div class=\"wpcf7 no-js\" id=\"wpcf7-f1378-o1\" lang=\"de-DE\" dir=\"ltr\" data-wpcf7-id=\"1378\">\n<div class=\"screen-reader-response\"><p role=\"status\" aria-live=\"polite\" aria-atomic=\"true\"><\/p> <ul><\/ul><\/div>\n<form action=\"\/de\/wp-json\/wp\/v2\/pages\/615#wpcf7-f1378-o1\" method=\"post\" class=\"wpcf7-form init\" aria-label=\"Kontaktformular\" novalidate=\"novalidate\" data-status=\"init\">\n<fieldset class=\"hidden-fields-container\"><input type=\"hidden\" name=\"_wpcf7\" value=\"1378\" \/><input type=\"hidden\" name=\"_wpcf7_version\" value=\"6.1.5\" \/><input type=\"hidden\" name=\"_wpcf7_locale\" value=\"de_DE\" \/><input type=\"hidden\" name=\"_wpcf7_unit_tag\" value=\"wpcf7-f1378-o1\" \/><input type=\"hidden\" name=\"_wpcf7_container_post\" value=\"0\" \/><input type=\"hidden\" name=\"_wpcf7_posted_data_hash\" value=\"\" \/>\n<\/fieldset>\n<div class=\"form-item\">\n\t<p><label for=\"name\">Ihr Name<\/label><br \/>\n<span class=\"wpcf7-form-control-wrap\" data-name=\"name\"><input size=\"40\" maxlength=\"400\" class=\"wpcf7-form-control wpcf7-text wpcf7-validates-as-required\" id=\"name\" aria-required=\"true\" aria-invalid=\"false\" value=\"\" type=\"text\" name=\"name\" \/><\/span>\n\t<\/p>\n<\/div>\n<div class=\"form-item\">\n\t<p><label for=\"email\">Ihre E-Mail<\/label><br \/>\n<span class=\"wpcf7-form-control-wrap\" data-name=\"email\"><input size=\"40\" maxlength=\"400\" class=\"wpcf7-form-control wpcf7-text wpcf7-validates-as-required\" id=\"email\" aria-required=\"true\" aria-invalid=\"false\" value=\"\" type=\"text\" name=\"email\" \/><\/span>\n\t<\/p>\n<\/div>\n<div class=\"form-item\">\n\t<p><label for=\"phone\">Ihre Telefonnummer (optional)<\/label><br \/>\n<span class=\"wpcf7-form-control-wrap\" data-name=\"phone\"><input size=\"40\" maxlength=\"400\" class=\"wpcf7-form-control wpcf7-text\" id=\"phone\" aria-invalid=\"false\" value=\"\" type=\"text\" name=\"phone\" \/><\/span>\n\t<\/p>\n<\/div>\n<div class=\"form-item\">\n\t<p><label for=\"text\">Nachricht<\/label><br \/>\n<span class=\"wpcf7-form-control-wrap\" data-name=\"text\"><textarea cols=\"40\" rows=\"1\" maxlength=\"2000\" class=\"wpcf7-form-control wpcf7-textarea wpcf7-validates-as-required\" id=\"text\" aria-required=\"true\" aria-invalid=\"false\" name=\"text\"><\/textarea><\/span>\n\t<\/p>\n<\/div>\n<div class=\"form-item\">\n\t<p><span class=\"wpcf7-form-control-wrap kc_captcha\" data-name=\"kc_captcha\"><span class=\"wpcf7-form-control wpcf7-radio\"><span class=\"captcha-image\" ><span class=\"cf7ic_instructions\">Bitte beweise, dass du kein Spambot bist und w\u00e4hle das Symbol<span> LKW<\/span>.<\/span><label><input aria-label=\"1\" type=\"radio\" name=\"kc_captcha\" value=\"bot\" \/><svg aria-hidden=\"true\" role=\"img\" xmlns=\"http:\/\/www.w3.org\/2000\/svg\" viewBox=\"0 0 640 512\"><path fill=\"currentColor\" d=\"M192 384h192c53 0 96-43 96-96h32a128 128 0 000-256H120c-13 0-24 11-24 24v232c0 53 43 96 96 96zM512 96a64 64 0 010 128h-32V96h32zm48 384H48c-47 0-61-64-36-64h584c25 0 11 64-36 64z\"\/><\/svg><\/label><label><input aria-label=\"2\" type=\"radio\" name=\"kc_captcha\" value=\"bot\" \/><svg aria-hidden=\"true\" role=\"img\" xmlns=\"http:\/\/www.w3.org\/2000\/svg\" viewBox=\"0 0 512 512\"><path fill=\"currentColor\" d=\"M512 176a176 176 0 01-209 173l-24 27a24 24 0 01-18 8h-37v40c0 13-11 24-24 24h-40v40c0 13-11 24-24 24H24c-13 0-24-11-24-24v-78c0-6 3-13 7-17l162-162a176 176 0 11343-55zm-176-48a48 48 0 1096 0 48 48 0 00-96 0z\"\/><\/svg><\/label><label><input aria-label=\"3\" type=\"radio\" name=\"kc_captcha\" value=\"kc_human\" \/><svg aria-hidden=\"true\" role=\"img\" xmlns=\"http:\/\/www.w3.org\/2000\/svg\" viewBox=\"0 0 640 512\"><path fill=\"currentColor\" d=\"M624 352h-16V244c0-13-5-25-14-34L494 110c-9-9-21-14-34-14h-44V48c0-26-21-48-48-48H48C22 0 0 22 0 48v320c0 27 22 48 48 48h16a96 96 0 00192 0h128a96 96 0 00192 0h48c9 0 16-7 16-16v-32c0-9-7-16-16-16zM160 464a48 48 0 110-96 48 48 0 010 96zm320 0a48 48 0 110-96 48 48 0 010 96zm80-208H416V144h44l100 100v12z\"\/><\/svg><\/label>\r\n    <\/span>\r\n    <span style=\"display:none\">\r\n        <input type=\"text\" name=\"kc_honeypot\">\r\n    <\/span><\/span><\/span>\n\t<\/p>\n<\/div>\n<p><button class=\"wpcf7-form-control wpcf7-submit\">Nachricht senden<\/button>\n<\/p><div class=\"wpcf7-response-output\" aria-hidden=\"true\"><\/div>\n<\/form>\n<\/div>\n\n<\/div>\n<\/div>\n\n\n\n<p><\/p>\n","protected":false},"excerpt":{"rendered":"<p>Wir k\u00f6nnen gemeinsam Gro\u00dfartiges leisten. Suchen Sie aktiv nach L\u00f6sungen f\u00fcr bestehende Probleme oder wollen Sie einfach neue Perspektiven er\u00f6ffnen? F\u00fcllen Sie unser Kontaktformular aus und wir melden uns bei Ihnen.<\/p>\n","protected":false},"author":1,"featured_media":0,"parent":0,"menu_order":0,"comment_status":"closed","ping_status":"closed","template":"","meta":{"_locale":"de_DE","_original_post":"https:\/\/www.artcom-venture.de\/?page_id=25","_onepager":[],"_onepager_single":false,"footnotes":"","_post-color":[]},"class_list":["post-615","page","type-page","status-publish","hentry","de-DE","teaser-view"],"yoast_head":"<!-- This site is optimized with the Yoast SEO plugin v27.1.1 - https:\/\/yoast.com\/product\/yoast-seo-wordpress\/ -->\n<title>Kaffee? - artcom venture GmbH<\/title>\n<meta name=\"robots\" content=\"index, follow, max-snippet:-1, max-image-preview:large, max-video-preview:-1\" \/>\n<link rel=\"canonical\" href=\"https:\/\/www.artcom-venture.de\/de\/coffee\/\" \/>\n<script type=\"application\/ld+json\" class=\"yoast-schema-graph\">{\"@context\":\"https:\/\/schema.org\",\"@graph\":[{\"@type\":\"WebPage\",\"@id\":\"https:\/\/www.artcom-venture.de\/de\/coffee\/\",\"url\":\"https:\/\/www.artcom-venture.de\/de\/coffee\/\",\"name\":\"Kaffee? - artcom venture GmbH\",\"isPartOf\":{\"@id\":\"https:\/\/www.artcom-venture.de\/#website\"},\"datePublished\":\"2021-03-04T08:50:41+00:00\",\"dateModified\":\"2021-03-17T12:55:05+00:00\",\"breadcrumb\":{\"@id\":\"https:\/\/www.artcom-venture.de\/de\/coffee\/#breadcrumb\"},\"inLanguage\":\"de\",\"potentialAction\":[{\"@type\":\"ReadAction\",\"target\":[\"https:\/\/www.artcom-venture.de\/de\/coffee\/\"]}]},{\"@type\":\"BreadcrumbList\",\"@id\":\"https:\/\/www.artcom-venture.de\/de\/coffee\/#breadcrumb\",\"itemListElement\":[{\"@type\":\"ListItem\",\"position\":1,\"name\":\"Home\",\"item\":\"https:\/\/www.artcom-venture.de\/de\/\"},{\"@type\":\"ListItem\",\"position\":2,\"name\":\"Kaffee?\"}]},{\"@type\":\"WebSite\",\"@id\":\"https:\/\/www.artcom-venture.de\/#website\",\"url\":\"https:\/\/www.artcom-venture.de\/\",\"name\":\"artcom venture GmbH\",\"description\":\"\",\"publisher\":{\"@id\":\"https:\/\/www.artcom-venture.de\/#organization\"},\"potentialAction\":[{\"@type\":\"SearchAction\",\"target\":{\"@type\":\"EntryPoint\",\"urlTemplate\":\"https:\/\/www.artcom-venture.de\/?s={search_term_string}\"},\"query-input\":{\"@type\":\"PropertyValueSpecification\",\"valueRequired\":true,\"valueName\":\"search_term_string\"}}],\"inLanguage\":\"de\"},{\"@type\":\"Organization\",\"@id\":\"https:\/\/www.artcom-venture.de\/#organization\",\"name\":\"artcom venture\",\"url\":\"https:\/\/www.artcom-venture.de\/\",\"logo\":{\"@type\":\"ImageObject\",\"inLanguage\":\"de\",\"@id\":\"https:\/\/www.artcom-venture.de\/#\/schema\/logo\/image\/\",\"url\":\"https:\/\/www.artcom-venture.de\/wp-content\/uploads\/2021\/01\/cropped-favicon-acv.png\",\"contentUrl\":\"https:\/\/www.artcom-venture.de\/wp-content\/uploads\/2021\/01\/cropped-favicon-acv.png\",\"width\":512,\"height\":512,\"caption\":\"artcom venture\"},\"image\":{\"@id\":\"https:\/\/www.artcom-venture.de\/#\/schema\/logo\/image\/\"}}]}<\/script>\n<!-- \/ Yoast SEO plugin. -->","yoast_head_json":{"title":"Kaffee? - artcom venture GmbH","robots":{"index":"index","follow":"follow","max-snippet":"max-snippet:-1","max-image-preview":"max-image-preview:large","max-video-preview":"max-video-preview:-1"},"canonical":"https:\/\/www.artcom-venture.de\/de\/coffee\/","schema":{"@context":"https:\/\/schema.org","@graph":[{"@type":"WebPage","@id":"https:\/\/www.artcom-venture.de\/de\/coffee\/","url":"https:\/\/www.artcom-venture.de\/de\/coffee\/","name":"Kaffee? - artcom venture GmbH","isPartOf":{"@id":"https:\/\/www.artcom-venture.de\/#website"},"datePublished":"2021-03-04T08:50:41+00:00","dateModified":"2021-03-17T12:55:05+00:00","breadcrumb":{"@id":"https:\/\/www.artcom-venture.de\/de\/coffee\/#breadcrumb"},"inLanguage":"de","potentialAction":[{"@type":"ReadAction","target":["https:\/\/www.artcom-venture.de\/de\/coffee\/"]}]},{"@type":"BreadcrumbList","@id":"https:\/\/www.artcom-venture.de\/de\/coffee\/#breadcrumb","itemListElement":[{"@type":"ListItem","position":1,"name":"Home","item":"https:\/\/www.artcom-venture.de\/de\/"},{"@type":"ListItem","position":2,"name":"Kaffee?"}]},{"@type":"WebSite","@id":"https:\/\/www.artcom-venture.de\/#website","url":"https:\/\/www.artcom-venture.de\/","name":"artcom venture GmbH","description":"","publisher":{"@id":"https:\/\/www.artcom-venture.de\/#organization"},"potentialAction":[{"@type":"SearchAction","target":{"@type":"EntryPoint","urlTemplate":"https:\/\/www.artcom-venture.de\/?s={search_term_string}"},"query-input":{"@type":"PropertyValueSpecification","valueRequired":true,"valueName":"search_term_string"}}],"inLanguage":"de"},{"@type":"Organization","@id":"https:\/\/www.artcom-venture.de\/#organization","name":"artcom venture","url":"https:\/\/www.artcom-venture.de\/","logo":{"@type":"ImageObject","inLanguage":"de","@id":"https:\/\/www.artcom-venture.de\/#\/schema\/logo\/image\/","url":"https:\/\/www.artcom-venture.de\/wp-content\/uploads\/2021\/01\/cropped-favicon-acv.png","contentUrl":"https:\/\/www.artcom-venture.de\/wp-content\/uploads\/2021\/01\/cropped-favicon-acv.png","width":512,"height":512,"caption":"artcom venture"},"image":{"@id":"https:\/\/www.artcom-venture.de\/#\/schema\/logo\/image\/"}}]}},"_links":{"self":[{"href":"https:\/\/www.artcom-venture.de\/wp-json\/wp\/v2\/pages\/615","targetHints":{"allow":["GET"]}}],"collection":[{"href":"https:\/\/www.artcom-venture.de\/wp-json\/wp\/v2\/pages"}],"about":[{"href":"https:\/\/www.artcom-venture.de\/wp-json\/wp\/v2\/types\/page"}],"author":[{"embeddable":true,"href":"https:\/\/www.artcom-venture.de\/wp-json\/wp\/v2\/users\/1"}],"replies":[{"embeddable":true,"href":"https:\/\/www.artcom-venture.de\/wp-json\/wp\/v2\/comments?post=615"}],"version-history":[{"count":3,"href":"https:\/\/www.artcom-venture.de\/wp-json\/wp\/v2\/pages\/615\/revisions"}],"predecessor-version":[{"id":1379,"href":"https:\/\/www.artcom-venture.de\/wp-json\/wp\/v2\/pages\/615\/revisions\/1379"}],"wp:attachment":[{"href":"https:\/\/www.artcom-venture.de\/wp-json\/wp\/v2\/media?parent=615"}],"curies":[{"name":"wp","href":"https:\/\/api.w.org\/{rel}","templated":true}]}}