{"id":622,"date":"2021-03-04T10:02:47","date_gmt":"2021-03-04T09:02:47","guid":{"rendered":"https:\/\/www.artcom-venture.de\/?page_id=622"},"modified":"2021-03-04T10:11:05","modified_gmt":"2021-03-04T09:11:05","slug":"products","status":"publish","type":"page","link":"https:\/\/www.artcom-venture.de\/de\/products\/","title":{"rendered":"<span>Unsere Produkte<\/span>"},"content":{"rendered":"<div class=\"products\">\n<article id=\"post-655\" class=\"post-655 product type-product status-publish has-post-thumbnail hentry de-DE teaser-view\">\n\t<header class=\"entry-header\">\n\t\t<h2 class=\"entry-title\"><a href=\"https:\/\/www.artcom-venture.de\/de\/product\/kaizen-gui-for-elasticsearch\/\" rel=\"bookmark\"><span>Kaizen &#8211; Grafische Benutzeroberfl\u00e4che f\u00fcr<br \/>ElasticSearch<\/span><\/a><\/h2>\t<\/header><!-- .entry-header -->\n\n\t<div class=\"entry-content\">\n\t\t\n<p>Elasticsearch ist eine Suchmaschine, die leider keine grafische Benutzeroberfl\u00e4che zur Interaktion mit den Clustern bereitstellt.<\/p>\n\n\n\n<p>Kaizen ist als plattform\u00fcbergreifende Desktop-Anwendung  in JavaFX von uns entwickelt worden. F\u00fcr die Installation von Kaizen werden keine Sonderrechte ben\u00f6tigt. Ihre Funktionalit\u00e4ten k\u00f6nnen Sie auf Ihre ElasticSearch-Cluster sofort anwenden.  <\/p>\n\n\n\n<p><a href=\"https:\/\/www.elastic-kaizen.com\/\" target=\"_blank\" rel=\"noreferrer noopener\">Mehr erfahren &#8230;<\/a><\/p>\n\t<\/div><!-- .entry-content -->\n<\/article><!-- #post-655 -->\n\n<article id=\"post-650\" class=\"post-650 product type-product status-publish has-post-thumbnail hentry de-DE teaser-view\">\n\t<header class=\"entry-header\">\n\t\t<h2 class=\"entry-title\"><a href=\"https:\/\/www.artcom-venture.de\/de\/product\/bitbox-online-erp-system\/\" rel=\"bookmark\"><span>BitBox Online &#8211; ERP-System<\/span><\/a><\/h2>\t<\/header><!-- .entry-header -->\n\n\t<div class=\"entry-content\">\n\t\t\n<p>BitBox Online ist ein von uns entwickeltes ERP-System, um redundante Prozesse und Systeme drastisch zu beseitigen. Dadurch senken wir beachtlich Gesch\u00e4ftskosten. <\/p>\n\n\n\n<p>Unser ERP-System verwendet die neuesten Technologien wie maschinelles Lernen und k\u00fcnstliche Intelligenz, um Gesch\u00e4ftsanalytik, Transparenz und Effizienz \u00fcber jeden Aspekt Ihres Unternehmens bereitzustellen.<\/p>\n\n\n\n<p><\/p>\n\t<\/div><!-- .entry-content -->\n<\/article><!-- #post-650 -->\n<\/div>\n\n\n\n<!--more-->\n\n\n\n<p><\/p>\n","protected":false},"excerpt":{"rendered":"","protected":false},"author":1,"featured_media":0,"parent":0,"menu_order":0,"comment_status":"closed","ping_status":"closed","template":"","meta":{"_locale":"de_DE","_original_post":"https:\/\/www.artcom-venture.de\/?page_id=23","_onepager":[],"_onepager_single":true,"footnotes":"","_post-color":[]},"class_list":["post-622","page","type-page","status-publish","hentry","de-DE","teaser-view"],"yoast_head":"<!-- This site is optimized with the Yoast SEO plugin v27.1.1 - https:\/\/yoast.com\/product\/yoast-seo-wordpress\/ -->\n<title>Unsere Produkte - artcom venture GmbH<\/title>\n<meta name=\"robots\" content=\"index, follow, max-snippet:-1, max-image-preview:large, max-video-preview:-1\" \/>\n<link rel=\"canonical\" href=\"https:\/\/www.artcom-venture.de\/de\/products\/\" \/>\n<script type=\"application\/ld+json\" class=\"yoast-schema-graph\">{\"@context\":\"https:\/\/schema.org\",\"@graph\":[{\"@type\":\"WebPage\",\"@id\":\"https:\/\/www.artcom-venture.de\/de\/products\/\",\"url\":\"https:\/\/www.artcom-venture.de\/de\/products\/\",\"name\":\"Unsere Produkte - artcom venture GmbH\",\"isPartOf\":{\"@id\":\"https:\/\/www.artcom-venture.de\/#website\"},\"datePublished\":\"2021-03-04T09:02:47+00:00\",\"dateModified\":\"2021-03-04T09:11:05+00:00\",\"breadcrumb\":{\"@id\":\"https:\/\/www.artcom-venture.de\/de\/products\/#breadcrumb\"},\"inLanguage\":\"de\",\"potentialAction\":[{\"@type\":\"ReadAction\",\"target\":[\"https:\/\/www.artcom-venture.de\/de\/products\/\"]}]},{\"@type\":\"BreadcrumbList\",\"@id\":\"https:\/\/www.artcom-venture.de\/de\/products\/#breadcrumb\",\"itemListElement\":[{\"@type\":\"ListItem\",\"position\":1,\"name\":\"Home\",\"item\":\"https:\/\/www.artcom-venture.de\/de\/\"},{\"@type\":\"ListItem\",\"position\":2,\"name\":\"Unsere Produkte\"}]},{\"@type\":\"WebSite\",\"@id\":\"https:\/\/www.artcom-venture.de\/#website\",\"url\":\"https:\/\/www.artcom-venture.de\/\",\"name\":\"artcom venture GmbH\",\"description\":\"\",\"publisher\":{\"@id\":\"https:\/\/www.artcom-venture.de\/#organization\"},\"potentialAction\":[{\"@type\":\"SearchAction\",\"target\":{\"@type\":\"EntryPoint\",\"urlTemplate\":\"https:\/\/www.artcom-venture.de\/?s={search_term_string}\"},\"query-input\":{\"@type\":\"PropertyValueSpecification\",\"valueRequired\":true,\"valueName\":\"search_term_string\"}}],\"inLanguage\":\"de\"},{\"@type\":\"Organization\",\"@id\":\"https:\/\/www.artcom-venture.de\/#organization\",\"name\":\"artcom venture\",\"url\":\"https:\/\/www.artcom-venture.de\/\",\"logo\":{\"@type\":\"ImageObject\",\"inLanguage\":\"de\",\"@id\":\"https:\/\/www.artcom-venture.de\/#\/schema\/logo\/image\/\",\"url\":\"https:\/\/www.artcom-venture.de\/wp-content\/uploads\/2021\/01\/cropped-favicon-acv.png\",\"contentUrl\":\"https:\/\/www.artcom-venture.de\/wp-content\/uploads\/2021\/01\/cropped-favicon-acv.png\",\"width\":512,\"height\":512,\"caption\":\"artcom venture\"},\"image\":{\"@id\":\"https:\/\/www.artcom-venture.de\/#\/schema\/logo\/image\/\"}}]}<\/script>\n<!-- \/ Yoast SEO plugin. -->","yoast_head_json":{"title":"Unsere Produkte - artcom venture GmbH","robots":{"index":"index","follow":"follow","max-snippet":"max-snippet:-1","max-image-preview":"max-image-preview:large","max-video-preview":"max-video-preview:-1"},"canonical":"https:\/\/www.artcom-venture.de\/de\/products\/","schema":{"@context":"https:\/\/schema.org","@graph":[{"@type":"WebPage","@id":"https:\/\/www.artcom-venture.de\/de\/products\/","url":"https:\/\/www.artcom-venture.de\/de\/products\/","name":"Unsere Produkte - artcom venture GmbH","isPartOf":{"@id":"https:\/\/www.artcom-venture.de\/#website"},"datePublished":"2021-03-04T09:02:47+00:00","dateModified":"2021-03-04T09:11:05+00:00","breadcrumb":{"@id":"https:\/\/www.artcom-venture.de\/de\/products\/#breadcrumb"},"inLanguage":"de","potentialAction":[{"@type":"ReadAction","target":["https:\/\/www.artcom-venture.de\/de\/products\/"]}]},{"@type":"BreadcrumbList","@id":"https:\/\/www.artcom-venture.de\/de\/products\/#breadcrumb","itemListElement":[{"@type":"ListItem","position":1,"name":"Home","item":"https:\/\/www.artcom-venture.de\/de\/"},{"@type":"ListItem","position":2,"name":"Unsere Produkte"}]},{"@type":"WebSite","@id":"https:\/\/www.artcom-venture.de\/#website","url":"https:\/\/www.artcom-venture.de\/","name":"artcom venture GmbH","description":"","publisher":{"@id":"https:\/\/www.artcom-venture.de\/#organization"},"potentialAction":[{"@type":"SearchAction","target":{"@type":"EntryPoint","urlTemplate":"https:\/\/www.artcom-venture.de\/?s={search_term_string}"},"query-input":{"@type":"PropertyValueSpecification","valueRequired":true,"valueName":"search_term_string"}}],"inLanguage":"de"},{"@type":"Organization","@id":"https:\/\/www.artcom-venture.de\/#organization","name":"artcom venture","url":"https:\/\/www.artcom-venture.de\/","logo":{"@type":"ImageObject","inLanguage":"de","@id":"https:\/\/www.artcom-venture.de\/#\/schema\/logo\/image\/","url":"https:\/\/www.artcom-venture.de\/wp-content\/uploads\/2021\/01\/cropped-favicon-acv.png","contentUrl":"https:\/\/www.artcom-venture.de\/wp-content\/uploads\/2021\/01\/cropped-favicon-acv.png","width":512,"height":512,"caption":"artcom venture"},"image":{"@id":"https:\/\/www.artcom-venture.de\/#\/schema\/logo\/image\/"}}]}},"_links":{"self":[{"href":"https:\/\/www.artcom-venture.de\/wp-json\/wp\/v2\/pages\/622","targetHints":{"allow":["GET"]}}],"collection":[{"href":"https:\/\/www.artcom-venture.de\/wp-json\/wp\/v2\/pages"}],"about":[{"href":"https:\/\/www.artcom-venture.de\/wp-json\/wp\/v2\/types\/page"}],"author":[{"embeddable":true,"href":"https:\/\/www.artcom-venture.de\/wp-json\/wp\/v2\/users\/1"}],"replies":[{"embeddable":true,"href":"https:\/\/www.artcom-venture.de\/wp-json\/wp\/v2\/comments?post=622"}],"version-history":[{"count":4,"href":"https:\/\/www.artcom-venture.de\/wp-json\/wp\/v2\/pages\/622\/revisions"}],"predecessor-version":[{"id":1218,"href":"https:\/\/www.artcom-venture.de\/wp-json\/wp\/v2\/pages\/622\/revisions\/1218"}],"wp:attachment":[{"href":"https:\/\/www.artcom-venture.de\/wp-json\/wp\/v2\/media?parent=622"}],"curies":[{"name":"wp","href":"https:\/\/api.w.org\/{rel}","templated":true}]}}