{"id":642,"date":"2021-03-04T14:03:41","date_gmt":"2021-03-04T13:03:41","guid":{"rendered":"https:\/\/www.artcom-venture.de\/?page_id=642"},"modified":"2021-03-11T09:07:47","modified_gmt":"2021-03-11T08:07:47","slug":"careers","status":"publish","type":"page","link":"https:\/\/www.artcom-venture.de\/de\/careers\/","title":{"rendered":"<span>Wir freuen uns auf Sie!<\/span>"},"content":{"rendered":"\n<div class=\"wp-block-columns is-layout-flex wp-container-core-columns-is-layout-9d6595d7 wp-block-columns-is-layout-flex\">\n<div class=\"wp-block-column is-layout-flow wp-block-column-is-layout-flow\">\n<h1 class=\"wp-block-heading\"><span>Karriere<\/span><\/h1>\n\n\n\n<p>Werden Sie Teil unseres funktions\u00fcbergreifenden Teams und arbeiten Sie an der Gestaltung und Entwicklung von digitalen Produkten mit.  <\/p>\n\n\n\n<p>Unser professionelles Umfeld f\u00f6rdert Kreativit\u00e4t und eigene Ideen durch SCRUM- und Kanban-Prozesse statt starre Richtlinien.<\/p>\n\n\n\n<p><a href=\"\/?p=642\">Alle Jobs anzeigen<\/a><\/p>\n<\/div>\n\n\n\n<div class=\"wp-block-column is-layout-flow wp-block-column-is-layout-flow\"><div class=\"jobs\">\n<article id=\"post-206\" class=\"post-206 job type-job status-publish hentry job_location-berlin job_location-kyiv job_type-full-time job_type-internship job_type-part-time job_type-training de-DE teaser-view\"    data-href=\"https:\/\/www.artcom-venture.de\/de\/job\/system-administrator-m-f\/\">\n\t<header class=\"entry-header\">\n        <ul class=\"job-types list-unstyled\"><li><a href=\"https:\/\/www.artcom-venture.de\/de\/job\/type\/full-time\/\">Vollzeit<\/a><\/li><li><a href=\"https:\/\/www.artcom-venture.de\/de\/job\/type\/internship\/\">Praktikum<\/a><\/li><li><a href=\"https:\/\/www.artcom-venture.de\/de\/job\/type\/part-time\/\">Teilzeit<\/a><\/li><li><a href=\"https:\/\/www.artcom-venture.de\/de\/job\/type\/training\/\">Training<\/a><\/li><\/ul>\n\t\t<h2 class=\"h3 entry-title peekadoo-fade\"><a href=\"https:\/\/www.artcom-venture.de\/de\/job\/system-administrator-m-f\/\" rel=\"bookmark\"><span>System &#8211; Administrator<\/span><\/a><\/h2>\n        <ul class=\"job-locations list-unstyled\"><li><a href=\"https:\/\/www.artcom-venture.de\/de\/job\/location\/berlin\/\">Berlin<\/a><\/li><li><a href=\"https:\/\/www.artcom-venture.de\/de\/job\/location\/kyiv\/\">Kiew<\/a><\/li><\/ul>\t<\/header><!-- .entry-header -->\n\n\t\n\t<div class=\"entry-content\">\n\t\t<a class=\"read-more\" href=\"https:\/\/www.artcom-venture.de\/de\/job\/system-administrator-m-f\/\">Mehr erfahren<span class=\"screen-reader-text\"> \u00fcber \"System &#8211; Administrator\"<\/span><\/a>\t<\/div><!-- .entry-content -->\n\n\t<footer class=\"entry-footer\">\n\t\t\t<\/footer><!-- .entry-footer -->\n<\/article><!-- #post-206 -->\n\n<article id=\"post-199\" class=\"post-199 job type-job status-publish hentry job_location-berlin job_type-praktikum job_type-training job_type-vollzeit de-DE teaser-view\"    data-href=\"https:\/\/www.artcom-venture.de\/de\/job\/fachinformatiker-systemintegration\/\">\n\t<header class=\"entry-header\">\n        <ul class=\"job-types list-unstyled\"><li><a href=\"https:\/\/www.artcom-venture.de\/de\/job\/type\/praktikum\/\">Praktikum<\/a><\/li><li><a href=\"https:\/\/www.artcom-venture.de\/de\/job\/type\/training\/\">Training<\/a><\/li><li><a href=\"https:\/\/www.artcom-venture.de\/de\/job\/type\/vollzeit\/\">Vollzeit<\/a><\/li><\/ul>\n\t\t<h2 class=\"h3 entry-title peekadoo-fade\"><a href=\"https:\/\/www.artcom-venture.de\/de\/job\/fachinformatiker-systemintegration\/\" rel=\"bookmark\"><span>Fachinformatiker Systemintegration<\/span><\/a><\/h2>\n        <ul class=\"job-locations list-unstyled\"><li><a href=\"https:\/\/www.artcom-venture.de\/de\/job\/location\/berlin\/\">Berlin<\/a><\/li><\/ul>\t<\/header><!-- .entry-header -->\n\n\t\n\t<div class=\"entry-content\">\n\t\t<a class=\"read-more\" href=\"https:\/\/www.artcom-venture.de\/de\/job\/fachinformatiker-systemintegration\/\">Mehr erfahren<span class=\"screen-reader-text\"> \u00fcber \"Fachinformatiker Systemintegration\"<\/span><\/a>\t<\/div><!-- .entry-content -->\n\n\t<footer class=\"entry-footer\">\n\t\t\t<\/footer><!-- .entry-footer -->\n<\/article><!-- #post-199 -->\n<\/div>\n<\/div>\n<\/div>\n\n\n\n<!--more-->\n\n\n\n<div class=\"wp-block-columns is-layout-flex wp-container-core-columns-is-layout-9d6595d7 wp-block-columns-is-layout-flex\">\n<div class=\"wp-block-column is-layout-flow wp-block-column-is-layout-flow\">\n<p>artcom venture ist ein Beratungs- und Technologieunternehmen. Wir unterst\u00fctzen und vervollst\u00e4ndigen Ideen und Gesch\u00e4ftskonzepte. Unsere Ressourcen erstrecken sich \u00fcber alle relevanten Bereiche, um eine Idee erfolgreich zu machen.<\/p>\n<\/div>\n\n\n\n<div class=\"wp-block-column is-layout-flow wp-block-column-is-layout-flow\">\n<p>Unsere Expertise umfasst Entwicklung, Online-Marketing, Corporate Design, TV- und Print-Kampagnen, Direct-Response-Fernsehen, Logistik, Fulfillment, Kundenbetreuung und Internationalisierung.<\/p>\n<\/div>\n<\/div>\n\n\n\n<p>&nbsp;<\/p>\n\n\n\n<p>&nbsp;<\/p>\n","protected":false},"excerpt":{"rendered":"<p>Werden Sie Teil unseres funktions\u00fcbergreifenden Teams und arbeiten Sie an der Gestaltung und Entwicklung von digitalen Produkten mit. Unser professionelles Umfeld f\u00f6rdert Kreativit\u00e4t und eigene Ideen durch SCRUM- und Kanban-Prozesse statt starre Richtlinien. Alle Jobs anzeigen<\/p>\n","protected":false},"author":1,"featured_media":0,"parent":0,"menu_order":0,"comment_status":"closed","ping_status":"closed","template":"","meta":{"_locale":"de_DE","_original_post":"https:\/\/www.artcom-venture.de\/?page_id=27","_onepager":[],"_onepager_single":true,"footnotes":"","_post-color":[]},"class_list":["post-642","page","type-page","status-publish","hentry","de-DE","teaser-view"],"yoast_head":"<!-- This site is optimized with the Yoast SEO plugin v27.1.1 - https:\/\/yoast.com\/product\/yoast-seo-wordpress\/ -->\n<title>Wir freuen uns auf Sie! - artcom venture GmbH<\/title>\n<meta name=\"robots\" content=\"index, follow, max-snippet:-1, max-image-preview:large, max-video-preview:-1\" \/>\n<link rel=\"canonical\" href=\"https:\/\/www.artcom-venture.de\/de\/careers\/\" \/>\n<script type=\"application\/ld+json\" class=\"yoast-schema-graph\">{\"@context\":\"https:\/\/schema.org\",\"@graph\":[{\"@type\":\"WebPage\",\"@id\":\"https:\/\/www.artcom-venture.de\/de\/careers\/\",\"url\":\"https:\/\/www.artcom-venture.de\/de\/careers\/\",\"name\":\"Wir freuen uns auf Sie! - artcom venture GmbH\",\"isPartOf\":{\"@id\":\"https:\/\/www.artcom-venture.de\/#website\"},\"datePublished\":\"2021-03-04T13:03:41+00:00\",\"dateModified\":\"2021-03-11T08:07:47+00:00\",\"breadcrumb\":{\"@id\":\"https:\/\/www.artcom-venture.de\/de\/careers\/#breadcrumb\"},\"inLanguage\":\"de\",\"potentialAction\":[{\"@type\":\"ReadAction\",\"target\":[\"https:\/\/www.artcom-venture.de\/de\/careers\/\"]}]},{\"@type\":\"BreadcrumbList\",\"@id\":\"https:\/\/www.artcom-venture.de\/de\/careers\/#breadcrumb\",\"itemListElement\":[{\"@type\":\"ListItem\",\"position\":1,\"name\":\"Home\",\"item\":\"https:\/\/www.artcom-venture.de\/de\/\"},{\"@type\":\"ListItem\",\"position\":2,\"name\":\"Wir freuen uns auf Sie!\"}]},{\"@type\":\"WebSite\",\"@id\":\"https:\/\/www.artcom-venture.de\/#website\",\"url\":\"https:\/\/www.artcom-venture.de\/\",\"name\":\"artcom venture GmbH\",\"description\":\"\",\"publisher\":{\"@id\":\"https:\/\/www.artcom-venture.de\/#organization\"},\"potentialAction\":[{\"@type\":\"SearchAction\",\"target\":{\"@type\":\"EntryPoint\",\"urlTemplate\":\"https:\/\/www.artcom-venture.de\/?s={search_term_string}\"},\"query-input\":{\"@type\":\"PropertyValueSpecification\",\"valueRequired\":true,\"valueName\":\"search_term_string\"}}],\"inLanguage\":\"de\"},{\"@type\":\"Organization\",\"@id\":\"https:\/\/www.artcom-venture.de\/#organization\",\"name\":\"artcom venture\",\"url\":\"https:\/\/www.artcom-venture.de\/\",\"logo\":{\"@type\":\"ImageObject\",\"inLanguage\":\"de\",\"@id\":\"https:\/\/www.artcom-venture.de\/#\/schema\/logo\/image\/\",\"url\":\"https:\/\/www.artcom-venture.de\/wp-content\/uploads\/2021\/01\/cropped-favicon-acv.png\",\"contentUrl\":\"https:\/\/www.artcom-venture.de\/wp-content\/uploads\/2021\/01\/cropped-favicon-acv.png\",\"width\":512,\"height\":512,\"caption\":\"artcom venture\"},\"image\":{\"@id\":\"https:\/\/www.artcom-venture.de\/#\/schema\/logo\/image\/\"}}]}<\/script>\n<!-- \/ Yoast SEO plugin. -->","yoast_head_json":{"title":"Wir freuen uns auf Sie! - artcom venture GmbH","robots":{"index":"index","follow":"follow","max-snippet":"max-snippet:-1","max-image-preview":"max-image-preview:large","max-video-preview":"max-video-preview:-1"},"canonical":"https:\/\/www.artcom-venture.de\/de\/careers\/","schema":{"@context":"https:\/\/schema.org","@graph":[{"@type":"WebPage","@id":"https:\/\/www.artcom-venture.de\/de\/careers\/","url":"https:\/\/www.artcom-venture.de\/de\/careers\/","name":"Wir freuen uns auf Sie! - artcom venture GmbH","isPartOf":{"@id":"https:\/\/www.artcom-venture.de\/#website"},"datePublished":"2021-03-04T13:03:41+00:00","dateModified":"2021-03-11T08:07:47+00:00","breadcrumb":{"@id":"https:\/\/www.artcom-venture.de\/de\/careers\/#breadcrumb"},"inLanguage":"de","potentialAction":[{"@type":"ReadAction","target":["https:\/\/www.artcom-venture.de\/de\/careers\/"]}]},{"@type":"BreadcrumbList","@id":"https:\/\/www.artcom-venture.de\/de\/careers\/#breadcrumb","itemListElement":[{"@type":"ListItem","position":1,"name":"Home","item":"https:\/\/www.artcom-venture.de\/de\/"},{"@type":"ListItem","position":2,"name":"Wir freuen uns auf Sie!"}]},{"@type":"WebSite","@id":"https:\/\/www.artcom-venture.de\/#website","url":"https:\/\/www.artcom-venture.de\/","name":"artcom venture GmbH","description":"","publisher":{"@id":"https:\/\/www.artcom-venture.de\/#organization"},"potentialAction":[{"@type":"SearchAction","target":{"@type":"EntryPoint","urlTemplate":"https:\/\/www.artcom-venture.de\/?s={search_term_string}"},"query-input":{"@type":"PropertyValueSpecification","valueRequired":true,"valueName":"search_term_string"}}],"inLanguage":"de"},{"@type":"Organization","@id":"https:\/\/www.artcom-venture.de\/#organization","name":"artcom venture","url":"https:\/\/www.artcom-venture.de\/","logo":{"@type":"ImageObject","inLanguage":"de","@id":"https:\/\/www.artcom-venture.de\/#\/schema\/logo\/image\/","url":"https:\/\/www.artcom-venture.de\/wp-content\/uploads\/2021\/01\/cropped-favicon-acv.png","contentUrl":"https:\/\/www.artcom-venture.de\/wp-content\/uploads\/2021\/01\/cropped-favicon-acv.png","width":512,"height":512,"caption":"artcom venture"},"image":{"@id":"https:\/\/www.artcom-venture.de\/#\/schema\/logo\/image\/"}}]}},"_links":{"self":[{"href":"https:\/\/www.artcom-venture.de\/wp-json\/wp\/v2\/pages\/642","targetHints":{"allow":["GET"]}}],"collection":[{"href":"https:\/\/www.artcom-venture.de\/wp-json\/wp\/v2\/pages"}],"about":[{"href":"https:\/\/www.artcom-venture.de\/wp-json\/wp\/v2\/types\/page"}],"author":[{"embeddable":true,"href":"https:\/\/www.artcom-venture.de\/wp-json\/wp\/v2\/users\/1"}],"replies":[{"embeddable":true,"href":"https:\/\/www.artcom-venture.de\/wp-json\/wp\/v2\/comments?post=642"}],"version-history":[{"count":5,"href":"https:\/\/www.artcom-venture.de\/wp-json\/wp\/v2\/pages\/642\/revisions"}],"predecessor-version":[{"id":1206,"href":"https:\/\/www.artcom-venture.de\/wp-json\/wp\/v2\/pages\/642\/revisions\/1206"}],"wp:attachment":[{"href":"https:\/\/www.artcom-venture.de\/wp-json\/wp\/v2\/media?parent=642"}],"curies":[{"name":"wp","href":"https:\/\/api.w.org\/{rel}","templated":true}]}}