{"id":650,"date":"2021-03-04T15:21:54","date_gmt":"2021-03-04T14:21:54","guid":{"rendered":"https:\/\/www.artcom-venture.de\/?post_type=product&#038;p=650"},"modified":"2021-03-04T15:21:54","modified_gmt":"2021-03-04T14:21:54","slug":"bitbox-online-erp-system","status":"publish","type":"product","link":"https:\/\/www.artcom-venture.de\/de\/product\/bitbox-online-erp-system\/","title":{"rendered":"<span>BitBox Online &#8211; ERP-System<\/span>"},"content":{"rendered":"\n<p>BitBox Online ist ein von uns entwickeltes ERP-System, um redundante Prozesse und Systeme drastisch zu beseitigen. Dadurch senken wir beachtlich Gesch\u00e4ftskosten. <\/p>\n\n\n\n<p>Unser ERP-System verwendet die neuesten Technologien wie maschinelles Lernen und k\u00fcnstliche Intelligenz, um Gesch\u00e4ftsanalytik, Transparenz und Effizienz \u00fcber jeden Aspekt Ihres Unternehmens bereitzustellen.<\/p>\n\n\n\n<p><\/p>\n","protected":false},"featured_media":274,"template":"","meta":{"_locale":"de_DE","_original_post":"https:\/\/www.artcom-venture.de\/?post_type=product&p=335","footnotes":"","_post-color":{"background":"#000000","text":"#ffffff"}},"class_list":["post-650","product","type-product","status-publish","has-post-thumbnail","hentry","de-DE","teaser-view"],"yoast_head":"<!-- This site is optimized with the Yoast SEO plugin v27.1.1 - https:\/\/yoast.com\/product\/yoast-seo-wordpress\/ -->\n<title>BitBox Online - ERP-System - artcom venture GmbH<\/title>\n<meta name=\"robots\" content=\"index, follow, max-snippet:-1, max-image-preview:large, max-video-preview:-1\" \/>\n<link rel=\"canonical\" href=\"https:\/\/www.artcom-venture.de\/de\/product\/bitbox-online-erp-system\/\" \/>\n<script type=\"application\/ld+json\" class=\"yoast-schema-graph\">{\"@context\":\"https:\/\/schema.org\",\"@graph\":[{\"@type\":\"WebPage\",\"@id\":\"https:\/\/www.artcom-venture.de\/de\/product\/bitbox-online-erp-system\/\",\"url\":\"https:\/\/www.artcom-venture.de\/de\/product\/bitbox-online-erp-system\/\",\"name\":\"BitBox Online - ERP-System - artcom venture GmbH\",\"isPartOf\":{\"@id\":\"https:\/\/www.artcom-venture.de\/#website\"},\"primaryImageOfPage\":{\"@id\":\"https:\/\/www.artcom-venture.de\/de\/product\/bitbox-online-erp-system\/#primaryimage\"},\"image\":{\"@id\":\"https:\/\/www.artcom-venture.de\/de\/product\/bitbox-online-erp-system\/#primaryimage\"},\"thumbnailUrl\":\"https:\/\/www.artcom-venture.de\/wp-content\/uploads\/2021\/02\/bbo.png\",\"datePublished\":\"2021-03-04T14:21:54+00:00\",\"breadcrumb\":{\"@id\":\"https:\/\/www.artcom-venture.de\/de\/product\/bitbox-online-erp-system\/#breadcrumb\"},\"inLanguage\":\"de\",\"potentialAction\":[{\"@type\":\"ReadAction\",\"target\":[\"https:\/\/www.artcom-venture.de\/de\/product\/bitbox-online-erp-system\/\"]}]},{\"@type\":\"ImageObject\",\"inLanguage\":\"de\",\"@id\":\"https:\/\/www.artcom-venture.de\/de\/product\/bitbox-online-erp-system\/#primaryimage\",\"url\":\"https:\/\/www.artcom-venture.de\/wp-content\/uploads\/2021\/02\/bbo.png\",\"contentUrl\":\"https:\/\/www.artcom-venture.de\/wp-content\/uploads\/2021\/02\/bbo.png\",\"width\":2776,\"height\":2096},{\"@type\":\"BreadcrumbList\",\"@id\":\"https:\/\/www.artcom-venture.de\/de\/product\/bitbox-online-erp-system\/#breadcrumb\",\"itemListElement\":[{\"@type\":\"ListItem\",\"position\":1,\"name\":\"Home\",\"item\":\"https:\/\/www.artcom-venture.de\/de\/\"},{\"@type\":\"ListItem\",\"position\":2,\"name\":\"Products\",\"item\":\"https:\/\/www.artcom-venture.de\/product\/\"},{\"@type\":\"ListItem\",\"position\":3,\"name\":\"BitBox Online &#8211; ERP-System\"}]},{\"@type\":\"WebSite\",\"@id\":\"https:\/\/www.artcom-venture.de\/#website\",\"url\":\"https:\/\/www.artcom-venture.de\/\",\"name\":\"artcom venture GmbH\",\"description\":\"\",\"publisher\":{\"@id\":\"https:\/\/www.artcom-venture.de\/#organization\"},\"potentialAction\":[{\"@type\":\"SearchAction\",\"target\":{\"@type\":\"EntryPoint\",\"urlTemplate\":\"https:\/\/www.artcom-venture.de\/?s={search_term_string}\"},\"query-input\":{\"@type\":\"PropertyValueSpecification\",\"valueRequired\":true,\"valueName\":\"search_term_string\"}}],\"inLanguage\":\"de\"},{\"@type\":\"Organization\",\"@id\":\"https:\/\/www.artcom-venture.de\/#organization\",\"name\":\"artcom venture\",\"url\":\"https:\/\/www.artcom-venture.de\/\",\"logo\":{\"@type\":\"ImageObject\",\"inLanguage\":\"de\",\"@id\":\"https:\/\/www.artcom-venture.de\/#\/schema\/logo\/image\/\",\"url\":\"https:\/\/www.artcom-venture.de\/wp-content\/uploads\/2021\/01\/cropped-favicon-acv.png\",\"contentUrl\":\"https:\/\/www.artcom-venture.de\/wp-content\/uploads\/2021\/01\/cropped-favicon-acv.png\",\"width\":512,\"height\":512,\"caption\":\"artcom venture\"},\"image\":{\"@id\":\"https:\/\/www.artcom-venture.de\/#\/schema\/logo\/image\/\"}}]}<\/script>\n<!-- \/ Yoast SEO plugin. -->","yoast_head_json":{"title":"BitBox Online - ERP-System - artcom venture GmbH","robots":{"index":"index","follow":"follow","max-snippet":"max-snippet:-1","max-image-preview":"max-image-preview:large","max-video-preview":"max-video-preview:-1"},"canonical":"https:\/\/www.artcom-venture.de\/de\/product\/bitbox-online-erp-system\/","schema":{"@context":"https:\/\/schema.org","@graph":[{"@type":"WebPage","@id":"https:\/\/www.artcom-venture.de\/de\/product\/bitbox-online-erp-system\/","url":"https:\/\/www.artcom-venture.de\/de\/product\/bitbox-online-erp-system\/","name":"BitBox Online - ERP-System - artcom venture GmbH","isPartOf":{"@id":"https:\/\/www.artcom-venture.de\/#website"},"primaryImageOfPage":{"@id":"https:\/\/www.artcom-venture.de\/de\/product\/bitbox-online-erp-system\/#primaryimage"},"image":{"@id":"https:\/\/www.artcom-venture.de\/de\/product\/bitbox-online-erp-system\/#primaryimage"},"thumbnailUrl":"https:\/\/www.artcom-venture.de\/wp-content\/uploads\/2021\/02\/bbo.png","datePublished":"2021-03-04T14:21:54+00:00","breadcrumb":{"@id":"https:\/\/www.artcom-venture.de\/de\/product\/bitbox-online-erp-system\/#breadcrumb"},"inLanguage":"de","potentialAction":[{"@type":"ReadAction","target":["https:\/\/www.artcom-venture.de\/de\/product\/bitbox-online-erp-system\/"]}]},{"@type":"ImageObject","inLanguage":"de","@id":"https:\/\/www.artcom-venture.de\/de\/product\/bitbox-online-erp-system\/#primaryimage","url":"https:\/\/www.artcom-venture.de\/wp-content\/uploads\/2021\/02\/bbo.png","contentUrl":"https:\/\/www.artcom-venture.de\/wp-content\/uploads\/2021\/02\/bbo.png","width":2776,"height":2096},{"@type":"BreadcrumbList","@id":"https:\/\/www.artcom-venture.de\/de\/product\/bitbox-online-erp-system\/#breadcrumb","itemListElement":[{"@type":"ListItem","position":1,"name":"Home","item":"https:\/\/www.artcom-venture.de\/de\/"},{"@type":"ListItem","position":2,"name":"Products","item":"https:\/\/www.artcom-venture.de\/product\/"},{"@type":"ListItem","position":3,"name":"BitBox Online &#8211; ERP-System"}]},{"@type":"WebSite","@id":"https:\/\/www.artcom-venture.de\/#website","url":"https:\/\/www.artcom-venture.de\/","name":"artcom venture GmbH","description":"","publisher":{"@id":"https:\/\/www.artcom-venture.de\/#organization"},"potentialAction":[{"@type":"SearchAction","target":{"@type":"EntryPoint","urlTemplate":"https:\/\/www.artcom-venture.de\/?s={search_term_string}"},"query-input":{"@type":"PropertyValueSpecification","valueRequired":true,"valueName":"search_term_string"}}],"inLanguage":"de"},{"@type":"Organization","@id":"https:\/\/www.artcom-venture.de\/#organization","name":"artcom venture","url":"https:\/\/www.artcom-venture.de\/","logo":{"@type":"ImageObject","inLanguage":"de","@id":"https:\/\/www.artcom-venture.de\/#\/schema\/logo\/image\/","url":"https:\/\/www.artcom-venture.de\/wp-content\/uploads\/2021\/01\/cropped-favicon-acv.png","contentUrl":"https:\/\/www.artcom-venture.de\/wp-content\/uploads\/2021\/01\/cropped-favicon-acv.png","width":512,"height":512,"caption":"artcom venture"},"image":{"@id":"https:\/\/www.artcom-venture.de\/#\/schema\/logo\/image\/"}}]}},"_links":{"self":[{"href":"https:\/\/www.artcom-venture.de\/wp-json\/wp\/v2\/product\/650","targetHints":{"allow":["GET"]}}],"collection":[{"href":"https:\/\/www.artcom-venture.de\/wp-json\/wp\/v2\/product"}],"about":[{"href":"https:\/\/www.artcom-venture.de\/wp-json\/wp\/v2\/types\/product"}],"version-history":[{"count":1,"href":"https:\/\/www.artcom-venture.de\/wp-json\/wp\/v2\/product\/650\/revisions"}],"predecessor-version":[{"id":651,"href":"https:\/\/www.artcom-venture.de\/wp-json\/wp\/v2\/product\/650\/revisions\/651"}],"wp:featuredmedia":[{"embeddable":true,"href":"https:\/\/www.artcom-venture.de\/wp-json\/wp\/v2\/media\/274"}],"wp:attachment":[{"href":"https:\/\/www.artcom-venture.de\/wp-json\/wp\/v2\/media?parent=650"}],"curies":[{"name":"wp","href":"https:\/\/api.w.org\/{rel}","templated":true}]}}