{"id":655,"date":"2021-03-04T16:04:53","date_gmt":"2021-03-04T15:04:53","guid":{"rendered":"https:\/\/www.artcom-venture.de\/?post_type=product&#038;p=655"},"modified":"2022-02-03T09:53:24","modified_gmt":"2022-02-03T08:53:24","slug":"kaizen-gui-for-elasticsearch","status":"publish","type":"product","link":"https:\/\/www.artcom-venture.de\/de\/product\/kaizen-gui-for-elasticsearch\/","title":{"rendered":"<span>Kaizen &#8211; Grafische Benutzeroberfl\u00e4che f\u00fcr<br \/>ElasticSearch<\/span>"},"content":{"rendered":"\n<p>Elasticsearch ist eine Suchmaschine, die leider keine grafische Benutzeroberfl\u00e4che zur Interaktion mit den Clustern bereitstellt.<\/p>\n\n\n\n<p>Kaizen ist als plattform\u00fcbergreifende Desktop-Anwendung  in JavaFX von uns entwickelt worden. F\u00fcr die Installation von Kaizen werden keine Sonderrechte ben\u00f6tigt. Ihre Funktionalit\u00e4ten k\u00f6nnen Sie auf Ihre ElasticSearch-Cluster sofort anwenden.  <\/p>\n\n\n\n<p><a href=\"https:\/\/www.elastic-kaizen.com\/\" target=\"_blank\" rel=\"noreferrer noopener\">Mehr erfahren &#8230;<\/a><\/p>\n","protected":false},"featured_media":569,"template":"","meta":{"_locale":"de_DE","_original_post":"https:\/\/www.artcom-venture.de\/?post_type=product&p=333","footnotes":"","_post-color":{"background":"#2532ac","text":"#ffffff"}},"class_list":["post-655","product","type-product","status-publish","has-post-thumbnail","hentry","de-DE","teaser-view"],"yoast_head":"<!-- This site is optimized with the Yoast SEO plugin v27.1.1 - https:\/\/yoast.com\/product\/yoast-seo-wordpress\/ -->\n<title>Kaizen - Grafische Benutzeroberfl\u00e4che f\u00fcr ElasticSearch - artcom venture GmbH<\/title>\n<meta name=\"robots\" content=\"index, follow, max-snippet:-1, max-image-preview:large, max-video-preview:-1\" \/>\n<link rel=\"canonical\" href=\"https:\/\/www.artcom-venture.de\/de\/product\/kaizen-gui-for-elasticsearch\/\" \/>\n<meta name=\"twitter:label1\" content=\"Gesch\u00e4tzte Lesezeit\" \/>\n\t<meta name=\"twitter:data1\" content=\"1\u00a0Minute\" \/>\n<script type=\"application\/ld+json\" class=\"yoast-schema-graph\">{\"@context\":\"https:\/\/schema.org\",\"@graph\":[{\"@type\":\"WebPage\",\"@id\":\"https:\/\/www.artcom-venture.de\/de\/product\/kaizen-gui-for-elasticsearch\/\",\"url\":\"https:\/\/www.artcom-venture.de\/de\/product\/kaizen-gui-for-elasticsearch\/\",\"name\":\"Kaizen - Grafische Benutzeroberfl\u00e4che f\u00fcr ElasticSearch - artcom venture GmbH\",\"isPartOf\":{\"@id\":\"https:\/\/www.artcom-venture.de\/#website\"},\"primaryImageOfPage\":{\"@id\":\"https:\/\/www.artcom-venture.de\/de\/product\/kaizen-gui-for-elasticsearch\/#primaryimage\"},\"image\":{\"@id\":\"https:\/\/www.artcom-venture.de\/de\/product\/kaizen-gui-for-elasticsearch\/#primaryimage\"},\"thumbnailUrl\":\"https:\/\/www.artcom-venture.de\/wp-content\/uploads\/2021\/02\/kaizen.png\",\"datePublished\":\"2021-03-04T15:04:53+00:00\",\"dateModified\":\"2022-02-03T08:53:24+00:00\",\"breadcrumb\":{\"@id\":\"https:\/\/www.artcom-venture.de\/de\/product\/kaizen-gui-for-elasticsearch\/#breadcrumb\"},\"inLanguage\":\"de\",\"potentialAction\":[{\"@type\":\"ReadAction\",\"target\":[\"https:\/\/www.artcom-venture.de\/de\/product\/kaizen-gui-for-elasticsearch\/\"]}]},{\"@type\":\"ImageObject\",\"inLanguage\":\"de\",\"@id\":\"https:\/\/www.artcom-venture.de\/de\/product\/kaizen-gui-for-elasticsearch\/#primaryimage\",\"url\":\"https:\/\/www.artcom-venture.de\/wp-content\/uploads\/2021\/02\/kaizen.png\",\"contentUrl\":\"https:\/\/www.artcom-venture.de\/wp-content\/uploads\/2021\/02\/kaizen.png\",\"width\":1310,\"height\":876},{\"@type\":\"BreadcrumbList\",\"@id\":\"https:\/\/www.artcom-venture.de\/de\/product\/kaizen-gui-for-elasticsearch\/#breadcrumb\",\"itemListElement\":[{\"@type\":\"ListItem\",\"position\":1,\"name\":\"Home\",\"item\":\"https:\/\/www.artcom-venture.de\/de\/\"},{\"@type\":\"ListItem\",\"position\":2,\"name\":\"Products\",\"item\":\"https:\/\/www.artcom-venture.de\/product\/\"},{\"@type\":\"ListItem\",\"position\":3,\"name\":\"Kaizen &#8211; Grafische Benutzeroberfl\u00e4che f\u00fcr ElasticSearch\"}]},{\"@type\":\"WebSite\",\"@id\":\"https:\/\/www.artcom-venture.de\/#website\",\"url\":\"https:\/\/www.artcom-venture.de\/\",\"name\":\"artcom venture GmbH\",\"description\":\"\",\"publisher\":{\"@id\":\"https:\/\/www.artcom-venture.de\/#organization\"},\"potentialAction\":[{\"@type\":\"SearchAction\",\"target\":{\"@type\":\"EntryPoint\",\"urlTemplate\":\"https:\/\/www.artcom-venture.de\/?s={search_term_string}\"},\"query-input\":{\"@type\":\"PropertyValueSpecification\",\"valueRequired\":true,\"valueName\":\"search_term_string\"}}],\"inLanguage\":\"de\"},{\"@type\":\"Organization\",\"@id\":\"https:\/\/www.artcom-venture.de\/#organization\",\"name\":\"artcom venture\",\"url\":\"https:\/\/www.artcom-venture.de\/\",\"logo\":{\"@type\":\"ImageObject\",\"inLanguage\":\"de\",\"@id\":\"https:\/\/www.artcom-venture.de\/#\/schema\/logo\/image\/\",\"url\":\"https:\/\/www.artcom-venture.de\/wp-content\/uploads\/2021\/01\/cropped-favicon-acv.png\",\"contentUrl\":\"https:\/\/www.artcom-venture.de\/wp-content\/uploads\/2021\/01\/cropped-favicon-acv.png\",\"width\":512,\"height\":512,\"caption\":\"artcom venture\"},\"image\":{\"@id\":\"https:\/\/www.artcom-venture.de\/#\/schema\/logo\/image\/\"}}]}<\/script>\n<!-- \/ Yoast SEO plugin. -->","yoast_head_json":{"title":"Kaizen - Grafische Benutzeroberfl\u00e4che f\u00fcr ElasticSearch - artcom venture GmbH","robots":{"index":"index","follow":"follow","max-snippet":"max-snippet:-1","max-image-preview":"max-image-preview:large","max-video-preview":"max-video-preview:-1"},"canonical":"https:\/\/www.artcom-venture.de\/de\/product\/kaizen-gui-for-elasticsearch\/","twitter_misc":{"Gesch\u00e4tzte Lesezeit":"1\u00a0Minute"},"schema":{"@context":"https:\/\/schema.org","@graph":[{"@type":"WebPage","@id":"https:\/\/www.artcom-venture.de\/de\/product\/kaizen-gui-for-elasticsearch\/","url":"https:\/\/www.artcom-venture.de\/de\/product\/kaizen-gui-for-elasticsearch\/","name":"Kaizen - Grafische Benutzeroberfl\u00e4che f\u00fcr ElasticSearch - artcom venture GmbH","isPartOf":{"@id":"https:\/\/www.artcom-venture.de\/#website"},"primaryImageOfPage":{"@id":"https:\/\/www.artcom-venture.de\/de\/product\/kaizen-gui-for-elasticsearch\/#primaryimage"},"image":{"@id":"https:\/\/www.artcom-venture.de\/de\/product\/kaizen-gui-for-elasticsearch\/#primaryimage"},"thumbnailUrl":"https:\/\/www.artcom-venture.de\/wp-content\/uploads\/2021\/02\/kaizen.png","datePublished":"2021-03-04T15:04:53+00:00","dateModified":"2022-02-03T08:53:24+00:00","breadcrumb":{"@id":"https:\/\/www.artcom-venture.de\/de\/product\/kaizen-gui-for-elasticsearch\/#breadcrumb"},"inLanguage":"de","potentialAction":[{"@type":"ReadAction","target":["https:\/\/www.artcom-venture.de\/de\/product\/kaizen-gui-for-elasticsearch\/"]}]},{"@type":"ImageObject","inLanguage":"de","@id":"https:\/\/www.artcom-venture.de\/de\/product\/kaizen-gui-for-elasticsearch\/#primaryimage","url":"https:\/\/www.artcom-venture.de\/wp-content\/uploads\/2021\/02\/kaizen.png","contentUrl":"https:\/\/www.artcom-venture.de\/wp-content\/uploads\/2021\/02\/kaizen.png","width":1310,"height":876},{"@type":"BreadcrumbList","@id":"https:\/\/www.artcom-venture.de\/de\/product\/kaizen-gui-for-elasticsearch\/#breadcrumb","itemListElement":[{"@type":"ListItem","position":1,"name":"Home","item":"https:\/\/www.artcom-venture.de\/de\/"},{"@type":"ListItem","position":2,"name":"Products","item":"https:\/\/www.artcom-venture.de\/product\/"},{"@type":"ListItem","position":3,"name":"Kaizen &#8211; Grafische Benutzeroberfl\u00e4che f\u00fcr ElasticSearch"}]},{"@type":"WebSite","@id":"https:\/\/www.artcom-venture.de\/#website","url":"https:\/\/www.artcom-venture.de\/","name":"artcom venture GmbH","description":"","publisher":{"@id":"https:\/\/www.artcom-venture.de\/#organization"},"potentialAction":[{"@type":"SearchAction","target":{"@type":"EntryPoint","urlTemplate":"https:\/\/www.artcom-venture.de\/?s={search_term_string}"},"query-input":{"@type":"PropertyValueSpecification","valueRequired":true,"valueName":"search_term_string"}}],"inLanguage":"de"},{"@type":"Organization","@id":"https:\/\/www.artcom-venture.de\/#organization","name":"artcom venture","url":"https:\/\/www.artcom-venture.de\/","logo":{"@type":"ImageObject","inLanguage":"de","@id":"https:\/\/www.artcom-venture.de\/#\/schema\/logo\/image\/","url":"https:\/\/www.artcom-venture.de\/wp-content\/uploads\/2021\/01\/cropped-favicon-acv.png","contentUrl":"https:\/\/www.artcom-venture.de\/wp-content\/uploads\/2021\/01\/cropped-favicon-acv.png","width":512,"height":512,"caption":"artcom venture"},"image":{"@id":"https:\/\/www.artcom-venture.de\/#\/schema\/logo\/image\/"}}]}},"_links":{"self":[{"href":"https:\/\/www.artcom-venture.de\/wp-json\/wp\/v2\/product\/655","targetHints":{"allow":["GET"]}}],"collection":[{"href":"https:\/\/www.artcom-venture.de\/wp-json\/wp\/v2\/product"}],"about":[{"href":"https:\/\/www.artcom-venture.de\/wp-json\/wp\/v2\/types\/product"}],"version-history":[{"count":3,"href":"https:\/\/www.artcom-venture.de\/wp-json\/wp\/v2\/product\/655\/revisions"}],"predecessor-version":[{"id":1420,"href":"https:\/\/www.artcom-venture.de\/wp-json\/wp\/v2\/product\/655\/revisions\/1420"}],"wp:featuredmedia":[{"embeddable":true,"href":"https:\/\/www.artcom-venture.de\/wp-json\/wp\/v2\/media\/569"}],"wp:attachment":[{"href":"https:\/\/www.artcom-venture.de\/wp-json\/wp\/v2\/media?parent=655"}],"curies":[{"name":"wp","href":"https:\/\/api.w.org\/{rel}","templated":true}]}}